{"id":1410,"date":"2025-03-18T19:43:43","date_gmt":"2025-03-18T19:43:43","guid":{"rendered":"https:\/\/www.johncspirits.com\/?page_id=1410"},"modified":"2025-06-04T16:49:28","modified_gmt":"2025-06-04T16:49:28","slug":"nuestros-destilados","status":"publish","type":"page","link":"https:\/\/www.johncspirits.com\/en\/nuestros-destilados\/","title":{"rendered":"Our Spirits"},"content":{"rendered":"<div data-elementor-type=\"wp-page\" data-elementor-id=\"1410\" class=\"elementor elementor-1410\">\n\t\t\t\t<div class=\"elementor-element elementor-element-0bb796c e-flex e-con-boxed e-con e-parent\" data-id=\"0bb796c\" data-element_type=\"container\" data-e-type=\"container\">\n\t\t\t\t\t<div class=\"e-con-inner\">\n\t\t\t\t<div class=\"elementor-element elementor-element-425ae6c elementor-widget elementor-widget-heading\" data-id=\"425ae6c\" data-element_type=\"widget\" data-e-type=\"widget\" data-widget_type=\"heading.default\">\n\t\t\t\t<div class=\"elementor-widget-container\">\n\t\t\t\t\t<h2 class=\"elementor-heading-title elementor-size-default\">OUR SPIRITS<\/h2>\t\t\t\t<\/div>\n\t\t\t\t<\/div>\n\t\t<div class=\"elementor-element elementor-element-39ddf2e e-con-full e-flex e-con e-child\" data-id=\"39ddf2e\" data-element_type=\"container\" data-e-type=\"container\">\n\t\t<div class=\"elementor-element elementor-element-034fbaf e-con-full elementor-hidden-mobile e-flex e-con e-child\" data-id=\"034fbaf\" data-element_type=\"container\" data-e-type=\"container\">\n\t\t\t\t<\/div>\n\t\t<div class=\"elementor-element elementor-element-d40d9ac e-con-full e-flex e-con e-child\" data-id=\"d40d9ac\" data-element_type=\"container\" data-e-type=\"container\">\n\t\t\t\t<div class=\"elementor-element elementor-element-5042c06 elementor-widget elementor-widget-image\" data-id=\"5042c06\" data-element_type=\"widget\" data-e-type=\"widget\" data-widget_type=\"image.default\">\n\t\t\t\t<div class=\"elementor-widget-container\">\n\t\t\t\t\t\t\t\t\t\t\t\t\t\t\t\t<a href=\"https:\/\/www.johncspirits.com\/en\/patagonian-gin\/\">\n\t\t\t\t\t\t\t<img fetchpriority=\"high\" decoding=\"async\" width=\"303\" height=\"670\" src=\"https:\/\/www.johncspirits.com\/wp-content\/uploads\/2025\/03\/Piattelli-Patagonian-Transparente-Grande-con-circulo.png\" class=\"attachment-full size-full wp-image-1417\" alt=\"\" srcset=\"https:\/\/www.johncspirits.com\/wp-content\/uploads\/2025\/03\/Piattelli-Patagonian-Transparente-Grande-con-circulo.png 303w, https:\/\/www.johncspirits.com\/wp-content\/uploads\/2025\/03\/Piattelli-Patagonian-Transparente-Grande-con-circulo-136x300.png 136w, https:\/\/www.johncspirits.com\/wp-content\/uploads\/2025\/03\/Piattelli-Patagonian-Transparente-Grande-con-circulo-5x12.png 5w\" sizes=\"(max-width: 303px) 100vw, 303px\" \/>\t\t\t\t\t\t\t\t<\/a>\n\t\t\t\t\t\t\t\t\t\t\t\t\t\t\t<\/div>\n\t\t\t\t<\/div>\n\t\t\t\t<div class=\"elementor-element elementor-element-ea2b74d elementor-widget elementor-widget-heading\" data-id=\"ea2b74d\" data-element_type=\"widget\" data-e-type=\"widget\" data-widget_type=\"heading.default\">\n\t\t\t\t<div class=\"elementor-widget-container\">\n\t\t\t\t\t<h2 class=\"elementor-heading-title elementor-size-default\"><a href=\"https:\/\/www.johncspirits.com\/en\/patagonian-gin\/\">gin<\/a><\/h2>\t\t\t\t<\/div>\n\t\t\t\t<\/div>\n\t\t\t\t<div class=\"elementor-element elementor-element-8b63ec6 elementor-widget elementor-widget-heading\" data-id=\"8b63ec6\" data-element_type=\"widget\" data-e-type=\"widget\" data-widget_type=\"heading.default\">\n\t\t\t\t<div class=\"elementor-widget-container\">\n\t\t\t\t\t<h2 class=\"elementor-heading-title elementor-size-default\"><a href=\"https:\/\/www.johncspirits.com\/en\/patagonian-gin\/\">Patagonian<\/a><\/h2>\t\t\t\t<\/div>\n\t\t\t\t<\/div>\n\t\t\t\t<\/div>\n\t\t<div class=\"elementor-element elementor-element-677d670 e-con-full elementor-hidden-mobile e-flex e-con e-child\" data-id=\"677d670\" data-element_type=\"container\" data-e-type=\"container\">\n\t\t\t\t<\/div>\n\t\t<div class=\"elementor-element elementor-element-d75558d e-con-full e-flex e-con e-child\" data-id=\"d75558d\" data-element_type=\"container\" data-e-type=\"container\">\n\t\t\t\t<div class=\"elementor-element elementor-element-bc13595 elementor-widget elementor-widget-image\" data-id=\"bc13595\" data-element_type=\"widget\" data-e-type=\"widget\" data-widget_type=\"image.default\">\n\t\t\t\t<div class=\"elementor-widget-container\">\n\t\t\t\t\t\t\t\t\t\t\t\t\t\t\t\t<a href=\"https:\/\/www.johncspirits.com\/en\/legacy-gin\/\">\n\t\t\t\t\t\t\t<img decoding=\"async\" width=\"303\" height=\"670\" src=\"https:\/\/www.johncspirits.com\/wp-content\/uploads\/2025\/03\/Piattelli-Legacy-Transparente-Grande-con-circulo.png\" class=\"attachment-full size-full wp-image-1416\" alt=\"\" srcset=\"https:\/\/www.johncspirits.com\/wp-content\/uploads\/2025\/03\/Piattelli-Legacy-Transparente-Grande-con-circulo.png 303w, https:\/\/www.johncspirits.com\/wp-content\/uploads\/2025\/03\/Piattelli-Legacy-Transparente-Grande-con-circulo-136x300.png 136w, https:\/\/www.johncspirits.com\/wp-content\/uploads\/2025\/03\/Piattelli-Legacy-Transparente-Grande-con-circulo-5x12.png 5w\" sizes=\"(max-width: 303px) 100vw, 303px\" \/>\t\t\t\t\t\t\t\t<\/a>\n\t\t\t\t\t\t\t\t\t\t\t\t\t\t\t<\/div>\n\t\t\t\t<\/div>\n\t\t\t\t<div class=\"elementor-element elementor-element-1fd062e elementor-widget elementor-widget-heading\" data-id=\"1fd062e\" data-element_type=\"widget\" data-e-type=\"widget\" data-widget_type=\"heading.default\">\n\t\t\t\t<div class=\"elementor-widget-container\">\n\t\t\t\t\t<h2 class=\"elementor-heading-title elementor-size-default\"><a href=\"https:\/\/www.johncspirits.com\/en\/legacy-gin\/\">gin<\/a><\/h2>\t\t\t\t<\/div>\n\t\t\t\t<\/div>\n\t\t\t\t<div class=\"elementor-element elementor-element-d04b3ee elementor-widget elementor-widget-heading\" data-id=\"d04b3ee\" data-element_type=\"widget\" data-e-type=\"widget\" data-widget_type=\"heading.default\">\n\t\t\t\t<div class=\"elementor-widget-container\">\n\t\t\t\t\t<h2 class=\"elementor-heading-title elementor-size-default\"><a href=\"https:\/\/www.johncspirits.com\/en\/legacy-gin\/\">Legacy<\/a><\/h2>\t\t\t\t<\/div>\n\t\t\t\t<\/div>\n\t\t\t\t<\/div>\n\t\t<div class=\"elementor-element elementor-element-e6baa8c e-con-full elementor-hidden-mobile e-flex e-con e-child\" data-id=\"e6baa8c\" data-element_type=\"container\" data-e-type=\"container\">\n\t\t\t\t<\/div>\n\t\t\t\t<\/div>\n\t\t<div class=\"elementor-element elementor-element-02ffa70 e-grid e-con-full e-con e-child\" data-id=\"02ffa70\" data-element_type=\"container\" data-e-type=\"container\">\n\t\t<div class=\"elementor-element elementor-element-8140a06 e-con-full e-flex e-con e-child\" data-id=\"8140a06\" data-element_type=\"container\" data-e-type=\"container\">\n\t\t\t\t<div class=\"elementor-element elementor-element-b97db73 elementor-widget elementor-widget-image\" data-id=\"b97db73\" data-element_type=\"widget\" data-e-type=\"widget\" data-widget_type=\"image.default\">\n\t\t\t\t<div class=\"elementor-widget-container\">\n\t\t\t\t\t\t\t\t\t\t\t\t\t\t\t\t<a href=\"https:\/\/www.johncspirits.com\/en\/vodka-original\/\">\n\t\t\t\t\t\t\t<img decoding=\"async\" width=\"303\" height=\"670\" src=\"https:\/\/www.johncspirits.com\/wp-content\/uploads\/2025\/06\/JOHNC-original-2.jpg\" class=\"attachment-full size-full wp-image-1727\" alt=\"\" srcset=\"https:\/\/www.johncspirits.com\/wp-content\/uploads\/2025\/06\/JOHNC-original-2.jpg 303w, https:\/\/www.johncspirits.com\/wp-content\/uploads\/2025\/06\/JOHNC-original-2-136x300.jpg 136w, https:\/\/www.johncspirits.com\/wp-content\/uploads\/2025\/06\/JOHNC-original-2-5x12.jpg 5w\" sizes=\"(max-width: 303px) 100vw, 303px\" \/>\t\t\t\t\t\t\t\t<\/a>\n\t\t\t\t\t\t\t\t\t\t\t\t\t\t\t<\/div>\n\t\t\t\t<\/div>\n\t\t\t\t<div class=\"elementor-element elementor-element-9910010 elementor-widget elementor-widget-heading\" data-id=\"9910010\" data-element_type=\"widget\" data-e-type=\"widget\" data-widget_type=\"heading.default\">\n\t\t\t\t<div class=\"elementor-widget-container\">\n\t\t\t\t\t<h2 class=\"elementor-heading-title elementor-size-default\"><a href=\"https:\/\/www.johncspirits.com\/en\/vodka-original\/\">vodka<\/a><\/h2>\t\t\t\t<\/div>\n\t\t\t\t<\/div>\n\t\t\t\t<div class=\"elementor-element elementor-element-39c3093 elementor-widget elementor-widget-heading\" data-id=\"39c3093\" data-element_type=\"widget\" data-e-type=\"widget\" data-widget_type=\"heading.default\">\n\t\t\t\t<div class=\"elementor-widget-container\">\n\t\t\t\t\t<h2 class=\"elementor-heading-title elementor-size-default\"><a href=\"https:\/\/www.johncspirits.com\/en\/vodka-original\/\">Original<\/a><\/h2>\t\t\t\t<\/div>\n\t\t\t\t<\/div>\n\t\t\t\t<\/div>\n\t\t<div class=\"elementor-element elementor-element-9292dae e-con-full elementor-hidden-mobile e-flex e-con e-child\" data-id=\"9292dae\" data-element_type=\"container\" data-e-type=\"container\">\n\t\t\t\t<\/div>\n\t\t<div class=\"elementor-element elementor-element-68d436a e-con-full e-flex e-con e-child\" data-id=\"68d436a\" data-element_type=\"container\" data-e-type=\"container\">\n\t\t\t\t<div class=\"elementor-element elementor-element-cda94aa elementor-widget elementor-widget-image\" data-id=\"cda94aa\" data-element_type=\"widget\" data-e-type=\"widget\" data-widget_type=\"image.default\">\n\t\t\t\t<div class=\"elementor-widget-container\">\n\t\t\t\t\t\t\t\t\t\t\t\t\t\t\t\t<a href=\"https:\/\/www.johncspirits.com\/en\/vodka-mango\/\">\n\t\t\t\t\t\t\t<img loading=\"lazy\" decoding=\"async\" width=\"303\" height=\"670\" src=\"https:\/\/www.johncspirits.com\/wp-content\/uploads\/2025\/06\/JOHNC-Mango-y-durazno-2.jpg\" class=\"attachment-full size-full wp-image-1728\" alt=\"\" srcset=\"https:\/\/www.johncspirits.com\/wp-content\/uploads\/2025\/06\/JOHNC-Mango-y-durazno-2.jpg 303w, https:\/\/www.johncspirits.com\/wp-content\/uploads\/2025\/06\/JOHNC-Mango-y-durazno-2-136x300.jpg 136w, https:\/\/www.johncspirits.com\/wp-content\/uploads\/2025\/06\/JOHNC-Mango-y-durazno-2-5x12.jpg 5w\" sizes=\"(max-width: 303px) 100vw, 303px\" \/>\t\t\t\t\t\t\t\t<\/a>\n\t\t\t\t\t\t\t\t\t\t\t\t\t\t\t<\/div>\n\t\t\t\t<\/div>\n\t\t\t\t<div class=\"elementor-element elementor-element-12fae55 elementor-widget elementor-widget-heading\" data-id=\"12fae55\" data-element_type=\"widget\" data-e-type=\"widget\" data-widget_type=\"heading.default\">\n\t\t\t\t<div class=\"elementor-widget-container\">\n\t\t\t\t\t<h2 class=\"elementor-heading-title elementor-size-default\"><a href=\"https:\/\/www.johncspirits.com\/en\/vodka-mango\/\">vodka<\/a><\/h2>\t\t\t\t<\/div>\n\t\t\t\t<\/div>\n\t\t\t\t<div class=\"elementor-element elementor-element-8c828e0 elementor-widget elementor-widget-heading\" data-id=\"8c828e0\" data-element_type=\"widget\" data-e-type=\"widget\" data-widget_type=\"heading.default\">\n\t\t\t\t<div class=\"elementor-widget-container\">\n\t\t\t\t\t<h2 class=\"elementor-heading-title elementor-size-default\"><a href=\"https:\/\/www.johncspirits.com\/en\/vodka-mango\/\">Mango &amp; Peach<\/a><\/h2>\t\t\t\t<\/div>\n\t\t\t\t<\/div>\n\t\t\t\t<\/div>\n\t\t<div class=\"elementor-element elementor-element-4156efd e-con-full elementor-hidden-mobile e-flex e-con e-child\" data-id=\"4156efd\" data-element_type=\"container\" data-e-type=\"container\">\n\t\t\t\t<\/div>\n\t\t<div class=\"elementor-element elementor-element-727ddfc e-con-full e-flex e-con e-child\" data-id=\"727ddfc\" data-element_type=\"container\" data-e-type=\"container\">\n\t\t\t\t<div class=\"elementor-element elementor-element-75b3532 elementor-widget elementor-widget-image\" data-id=\"75b3532\" data-element_type=\"widget\" data-e-type=\"widget\" data-widget_type=\"image.default\">\n\t\t\t\t<div class=\"elementor-widget-container\">\n\t\t\t\t\t\t\t\t\t\t\t\t\t\t\t\t<a href=\"https:\/\/www.johncspirits.com\/en\/vodka-pera\/\">\n\t\t\t\t\t\t\t<img loading=\"lazy\" decoding=\"async\" width=\"303\" height=\"670\" src=\"https:\/\/www.johncspirits.com\/wp-content\/uploads\/2025\/06\/JOHNC-Pera-Hibiscus-2.jpg\" class=\"attachment-full size-full wp-image-1729\" alt=\"\" srcset=\"https:\/\/www.johncspirits.com\/wp-content\/uploads\/2025\/06\/JOHNC-Pera-Hibiscus-2.jpg 303w, https:\/\/www.johncspirits.com\/wp-content\/uploads\/2025\/06\/JOHNC-Pera-Hibiscus-2-136x300.jpg 136w, https:\/\/www.johncspirits.com\/wp-content\/uploads\/2025\/06\/JOHNC-Pera-Hibiscus-2-5x12.jpg 5w\" sizes=\"(max-width: 303px) 100vw, 303px\" \/>\t\t\t\t\t\t\t\t<\/a>\n\t\t\t\t\t\t\t\t\t\t\t\t\t\t\t<\/div>\n\t\t\t\t<\/div>\n\t\t\t\t<div class=\"elementor-element elementor-element-038d6c0 elementor-widget elementor-widget-heading\" data-id=\"038d6c0\" data-element_type=\"widget\" data-e-type=\"widget\" data-widget_type=\"heading.default\">\n\t\t\t\t<div class=\"elementor-widget-container\">\n\t\t\t\t\t<h2 class=\"elementor-heading-title elementor-size-default\"><a href=\"https:\/\/www.johncspirits.com\/en\/vodka-pera\/\">vodka<\/a><\/h2>\t\t\t\t<\/div>\n\t\t\t\t<\/div>\n\t\t\t\t<div class=\"elementor-element elementor-element-a993e3b elementor-widget elementor-widget-heading\" data-id=\"a993e3b\" data-element_type=\"widget\" data-e-type=\"widget\" data-widget_type=\"heading.default\">\n\t\t\t\t<div class=\"elementor-widget-container\">\n\t\t\t\t\t<h2 class=\"elementor-heading-title elementor-size-default\"><a href=\"https:\/\/www.johncspirits.com\/en\/vodka-pera\/\">PEAR &amp; HIBISCUS<\/a><\/h2>\t\t\t\t<\/div>\n\t\t\t\t<\/div>\n\t\t\t\t<\/div>\n\t\t\t\t<\/div>\n\t\t\t\t\t<\/div>\n\t\t\t\t<\/div>\n\t\t<div class=\"elementor-element elementor-element-a398b06 e-flex e-con-boxed e-con e-parent\" data-id=\"a398b06\" data-element_type=\"container\" data-e-type=\"container\">\n\t\t\t\t\t<div class=\"e-con-inner\">\n\t\t<div class=\"elementor-element elementor-element-cd08580 e-grid e-con-full e-con e-child\" data-id=\"cd08580\" data-element_type=\"container\" data-e-type=\"container\">\n\t\t<div class=\"elementor-element elementor-element-15b272f e-con-full e-flex e-con e-child\" data-id=\"15b272f\" data-element_type=\"container\" data-e-type=\"container\">\n\t\t\t\t<div class=\"elementor-element elementor-element-433b153 elementor-widget elementor-widget-heading\" data-id=\"433b153\" data-element_type=\"widget\" data-e-type=\"widget\" data-widget_type=\"heading.default\">\n\t\t\t\t<div class=\"elementor-widget-container\">\n\t\t\t\t\t<h2 class=\"elementor-heading-title elementor-size-default\">John C. Malinski<\/h2>\t\t\t\t<\/div>\n\t\t\t\t<\/div>\n\t\t\t\t<div class=\"elementor-element elementor-element-d668f50 elementor-widget__width-initial elementor-widget elementor-widget-text-editor\" data-id=\"d668f50\" data-element_type=\"widget\" data-e-type=\"widget\" data-widget_type=\"text-editor.default\">\n\t\t\t\t<div class=\"elementor-widget-container\">\n\t\t\t\t\t\t\t\t\t<p>Discover the journey of John C. Malinski\u2014a story of resilience, legacy, and dreams pursued across continents. Click here to explore how one man\u2019s extraordinary path shaped generations and inspired the spirit behind JOHN C. SPIRITS.<\/p>\t\t\t\t\t\t\t\t<\/div>\n\t\t\t\t<\/div>\n\t\t\t\t<div class=\"elementor-element elementor-element-c6e1f4a elementor-widget elementor-widget-spacer\" data-id=\"c6e1f4a\" data-element_type=\"widget\" data-e-type=\"widget\" data-widget_type=\"spacer.default\">\n\t\t\t\t<div class=\"elementor-widget-container\">\n\t\t\t\t\t\t\t<div class=\"elementor-spacer\">\n\t\t\t<div class=\"elementor-spacer-inner\"><\/div>\n\t\t<\/div>\n\t\t\t\t\t\t<\/div>\n\t\t\t\t<\/div>\n\t\t\t\t<div class=\"elementor-element elementor-element-0cdaa43 elementor-widget elementor-widget-button\" data-id=\"0cdaa43\" data-element_type=\"widget\" data-e-type=\"widget\" data-widget_type=\"button.default\">\n\t\t\t\t<div class=\"elementor-widget-container\">\n\t\t\t\t\t\t\t\t\t<div class=\"elementor-button-wrapper\">\n\t\t\t\t\t<a class=\"elementor-button elementor-button-link elementor-size-sm\" href=\"https:\/\/www.johncspirits.com\/en\/who-is-john\/\">\n\t\t\t\t\t\t<span class=\"elementor-button-content-wrapper\">\n\t\t\t\t\t\t\t\t\t<span class=\"elementor-button-text\">learn about our legacy<\/span>\n\t\t\t\t\t<\/span>\n\t\t\t\t\t<\/a>\n\t\t\t\t<\/div>\n\t\t\t\t\t\t\t\t<\/div>\n\t\t\t\t<\/div>\n\t\t\t\t<\/div>\n\t\t<div class=\"elementor-element elementor-element-979c72b e-con-full e-flex e-con e-child\" data-id=\"979c72b\" data-element_type=\"container\" data-e-type=\"container\">\n\t\t\t\t<div class=\"elementor-element elementor-element-f2b43ed elementor-widget elementor-widget-image\" data-id=\"f2b43ed\" data-element_type=\"widget\" data-e-type=\"widget\" data-widget_type=\"image.default\">\n\t\t\t\t<div class=\"elementor-widget-container\">\n\t\t\t\t\t\t\t\t\t\t\t\t\t\t\t<img loading=\"lazy\" decoding=\"async\" width=\"600\" height=\"537\" src=\"https:\/\/www.johncspirits.com\/wp-content\/uploads\/2025\/01\/legado-home.webp\" class=\"attachment-full size-full wp-image-1291\" alt=\"\" srcset=\"https:\/\/www.johncspirits.com\/wp-content\/uploads\/2025\/01\/legado-home.webp 600w, https:\/\/www.johncspirits.com\/wp-content\/uploads\/2025\/01\/legado-home-300x269.webp 300w, https:\/\/www.johncspirits.com\/wp-content\/uploads\/2025\/01\/legado-home-13x12.webp 13w\" sizes=\"(max-width: 600px) 100vw, 600px\" \/>\t\t\t\t\t\t\t\t\t\t\t\t\t\t\t<\/div>\n\t\t\t\t<\/div>\n\t\t\t\t<\/div>\n\t\t\t\t<\/div>\n\t\t\t\t\t<\/div>\n\t\t\t\t<\/div>\n\t\t<div class=\"elementor-element elementor-element-f78baf3 e-con-full e-flex e-con e-parent\" data-id=\"f78baf3\" data-element_type=\"container\" data-e-type=\"container\">\n\t\t\t\t<div class=\"elementor-element elementor-element-e86c7d0 elementor-widget-mobile__width-inherit elementor-widget elementor-widget-heading\" data-id=\"e86c7d0\" data-element_type=\"widget\" data-e-type=\"widget\" data-widget_type=\"heading.default\">\n\t\t\t\t<div class=\"elementor-widget-container\">\n\t\t\t\t\t<h2 class=\"elementor-heading-title elementor-size-default\">John C, <br class=\"br\">\nyour style:<\/h2>\t\t\t\t<\/div>\n\t\t\t\t<\/div>\n\t\t\t\t<div class=\"elementor-element elementor-element-be6f8d1 elementor-widget elementor-widget-heading\" data-id=\"be6f8d1\" data-element_type=\"widget\" data-e-type=\"widget\" data-widget_type=\"heading.default\">\n\t\t\t\t<div class=\"elementor-widget-container\">\n\t\t\t\t\t<h2 class=\"elementor-heading-title elementor-size-default\">Learn how to mix it.<\/h2>\t\t\t\t<\/div>\n\t\t\t\t<\/div>\n\t\t\t\t<div class=\"elementor-element elementor-element-8d36d66 elementor-widget elementor-widget-spacer\" data-id=\"8d36d66\" data-element_type=\"widget\" data-e-type=\"widget\" data-widget_type=\"spacer.default\">\n\t\t\t\t<div class=\"elementor-widget-container\">\n\t\t\t\t\t\t\t<div class=\"elementor-spacer\">\n\t\t\t<div class=\"elementor-spacer-inner\"><\/div>\n\t\t<\/div>\n\t\t\t\t\t\t<\/div>\n\t\t\t\t<\/div>\n\t\t\t\t<div class=\"elementor-element elementor-element-0051586 elementor-align-center elementor-widget elementor-widget-button\" data-id=\"0051586\" data-element_type=\"widget\" data-e-type=\"widget\" data-widget_type=\"button.default\">\n\t\t\t\t<div class=\"elementor-widget-container\">\n\t\t\t\t\t\t\t\t\t<div class=\"elementor-button-wrapper\">\n\t\t\t\t\t<a class=\"elementor-button elementor-button-link elementor-size-sm\" href=\"https:\/\/www.johncspirits.com\/en\/drinks\/\">\n\t\t\t\t\t\t<span class=\"elementor-button-content-wrapper\">\n\t\t\t\t\t\t\t\t\t<span class=\"elementor-button-text\">recipes<\/span>\n\t\t\t\t\t<\/span>\n\t\t\t\t\t<\/a>\n\t\t\t\t<\/div>\n\t\t\t\t\t\t\t\t<\/div>\n\t\t\t\t<\/div>\n\t\t\t\t<\/div>\n\t\t\t\t<\/div>","protected":false},"excerpt":{"rendered":"<p>NUESTROS DESTILADOS gin Patagonian gin Legacy vodka Original vodka Mango &#038; Durazno vodka Pera &#038; Hibiscus John C. Malinski No todos aquellos que deambulan por la vida andan perdidos. Aquellos que deciden escribir de pu\u00f1o y letra su propio destino, tienen por delante el desaf\u00edo m\u00e1s grande de su vida, como as\u00ed tambi\u00e9n la m\u00e1s [&hellip;]<\/p>","protected":false},"author":4,"featured_media":0,"parent":0,"menu_order":0,"comment_status":"closed","ping_status":"closed","template":"","meta":{"site-sidebar-layout":"no-sidebar","site-content-layout":"","ast-site-content-layout":"full-width-container","site-content-style":"default","site-sidebar-style":"default","ast-global-header-display":"","ast-banner-title-visibility":"","ast-main-header-display":"","ast-hfb-above-header-display":"","ast-hfb-below-header-display":"","ast-hfb-mobile-header-display":"","site-post-title":"disabled","ast-breadcrumbs-content":"","ast-featured-img":"disabled","footer-sml-layout":"","ast-disable-related-posts":"","theme-transparent-header-meta":"","adv-header-id-meta":"","stick-header-meta":"","header-above-stick-meta":"","header-main-stick-meta":"","header-below-stick-meta":"","astra-migrate-meta-layouts":"","ast-page-background-enabled":"default","ast-page-background-meta":{"desktop":{"background-color":"var(--ast-global-color-4)","background-image":"","background-repeat":"repeat","background-position":"center center","background-size":"auto","background-attachment":"scroll","background-type":"","background-media":"","overlay-type":"","overlay-color":"","overlay-opacity":"","overlay-gradient":""},"tablet":{"background-color":"","background-image":"","background-repeat":"repeat","background-position":"center center","background-size":"auto","background-attachment":"scroll","background-type":"","background-media":"","overlay-type":"","overlay-color":"","overlay-opacity":"","overlay-gradient":""},"mobile":{"background-color":"","background-image":"","background-repeat":"repeat","background-position":"center center","background-size":"auto","background-attachment":"scroll","background-type":"","background-media":"","overlay-type":"","overlay-color":"","overlay-opacity":"","overlay-gradient":""}},"ast-content-background-meta":{"desktop":{"background-color":"var(--ast-global-color-5)","background-image":"","background-repeat":"repeat","background-position":"center center","background-size":"auto","background-attachment":"scroll","background-type":"","background-media":"","overlay-type":"","overlay-color":"","overlay-opacity":"","overlay-gradient":""},"tablet":{"background-color":"var(--ast-global-color-5)","background-image":"","background-repeat":"repeat","background-position":"center center","background-size":"auto","background-attachment":"scroll","background-type":"","background-media":"","overlay-type":"","overlay-color":"","overlay-opacity":"","overlay-gradient":""},"mobile":{"background-color":"var(--ast-global-color-5)","background-image":"","background-repeat":"repeat","background-position":"center center","background-size":"auto","background-attachment":"scroll","background-type":"","background-media":"","overlay-type":"","overlay-color":"","overlay-opacity":"","overlay-gradient":""}},"footnotes":""},"class_list":["post-1410","page","type-page","status-publish","hentry"],"_links":{"self":[{"href":"https:\/\/www.johncspirits.com\/en\/wp-json\/wp\/v2\/pages\/1410","targetHints":{"allow":["GET"]}}],"collection":[{"href":"https:\/\/www.johncspirits.com\/en\/wp-json\/wp\/v2\/pages"}],"about":[{"href":"https:\/\/www.johncspirits.com\/en\/wp-json\/wp\/v2\/types\/page"}],"author":[{"embeddable":true,"href":"https:\/\/www.johncspirits.com\/en\/wp-json\/wp\/v2\/users\/4"}],"replies":[{"embeddable":true,"href":"https:\/\/www.johncspirits.com\/en\/wp-json\/wp\/v2\/comments?post=1410"}],"version-history":[{"count":65,"href":"https:\/\/www.johncspirits.com\/en\/wp-json\/wp\/v2\/pages\/1410\/revisions"}],"predecessor-version":[{"id":1735,"href":"https:\/\/www.johncspirits.com\/en\/wp-json\/wp\/v2\/pages\/1410\/revisions\/1735"}],"wp:attachment":[{"href":"https:\/\/www.johncspirits.com\/en\/wp-json\/wp\/v2\/media?parent=1410"}],"curies":[{"name":"wp","href":"https:\/\/api.w.org\/{rel}","templated":true}]}}