{"id":829,"date":"2024-10-30T23:04:01","date_gmt":"2024-10-30T23:04:01","guid":{"rendered":"https:\/\/piattelli.com.ar\/johnc\/?page_id=829"},"modified":"2025-03-19T14:06:54","modified_gmt":"2025-03-19T14:06:54","slug":"legacy-gin","status":"publish","type":"page","link":"https:\/\/www.johncspirits.com\/en\/legacy-gin\/","title":{"rendered":"Legacy"},"content":{"rendered":"<div data-elementor-type=\"wp-page\" data-elementor-id=\"829\" class=\"elementor elementor-829\">\n\t\t\t\t<div class=\"elementor-element elementor-element-4ca5bc1 e-con-full e-flex e-con e-parent\" data-id=\"4ca5bc1\" data-element_type=\"container\" data-e-type=\"container\">\n\t\t\t\t<div class=\"elementor-element elementor-element-da8af69 elementor-hidden-mobile elementor-widget elementor-widget-image\" data-id=\"da8af69\" data-element_type=\"widget\" data-e-type=\"widget\" data-widget_type=\"image.default\">\n\t\t\t\t<div class=\"elementor-widget-container\">\n\t\t\t\t\t\t\t\t\t\t\t\t\t\t\t<img fetchpriority=\"high\" decoding=\"async\" width=\"1920\" height=\"610\" src=\"https:\/\/www.johncspirits.com\/wp-content\/uploads\/2024\/12\/Portada-web-PNG-John-C-Legacy.png\" class=\"attachment-full size-full wp-image-1166\" alt=\"\" srcset=\"https:\/\/www.johncspirits.com\/wp-content\/uploads\/2024\/12\/Portada-web-PNG-John-C-Legacy.png 1920w, https:\/\/www.johncspirits.com\/wp-content\/uploads\/2024\/12\/Portada-web-PNG-John-C-Legacy-300x95.png 300w, https:\/\/www.johncspirits.com\/wp-content\/uploads\/2024\/12\/Portada-web-PNG-John-C-Legacy-1024x325.png 1024w, https:\/\/www.johncspirits.com\/wp-content\/uploads\/2024\/12\/Portada-web-PNG-John-C-Legacy-768x244.png 768w, https:\/\/www.johncspirits.com\/wp-content\/uploads\/2024\/12\/Portada-web-PNG-John-C-Legacy-1536x488.png 1536w, https:\/\/www.johncspirits.com\/wp-content\/uploads\/2024\/12\/Portada-web-PNG-John-C-Legacy-2048x650.png 2048w, https:\/\/www.johncspirits.com\/wp-content\/uploads\/2024\/12\/Portada-web-PNG-John-C-Legacy-18x6.png 18w\" sizes=\"(max-width: 1920px) 100vw, 1920px\" \/>\t\t\t\t\t\t\t\t\t\t\t\t\t\t\t<\/div>\n\t\t\t\t<\/div>\n\t\t\t\t<div class=\"elementor-element elementor-element-4c1aad9 elementor-hidden-desktop elementor-hidden-tablet elementor-widget elementor-widget-image\" data-id=\"4c1aad9\" data-element_type=\"widget\" data-e-type=\"widget\" data-widget_type=\"image.default\">\n\t\t\t\t<div class=\"elementor-widget-container\">\n\t\t\t\t\t\t\t\t\t\t\t\t\t\t\t<img decoding=\"async\" width=\"1987\" height=\"848\" src=\"https:\/\/www.johncspirits.com\/wp-content\/uploads\/2024\/12\/Portada-Mobile-PNG-John-C-Legacy.png\" class=\"attachment-full size-full wp-image-1167\" alt=\"\" srcset=\"https:\/\/www.johncspirits.com\/wp-content\/uploads\/2024\/12\/Portada-Mobile-PNG-John-C-Legacy.png 1987w, https:\/\/www.johncspirits.com\/wp-content\/uploads\/2024\/12\/Portada-Mobile-PNG-John-C-Legacy-300x128.png 300w, https:\/\/www.johncspirits.com\/wp-content\/uploads\/2024\/12\/Portada-Mobile-PNG-John-C-Legacy-1024x437.png 1024w, https:\/\/www.johncspirits.com\/wp-content\/uploads\/2024\/12\/Portada-Mobile-PNG-John-C-Legacy-768x328.png 768w, https:\/\/www.johncspirits.com\/wp-content\/uploads\/2024\/12\/Portada-Mobile-PNG-John-C-Legacy-1536x656.png 1536w, https:\/\/www.johncspirits.com\/wp-content\/uploads\/2024\/12\/Portada-Mobile-PNG-John-C-Legacy-18x8.png 18w\" sizes=\"(max-width: 1987px) 100vw, 1987px\" \/>\t\t\t\t\t\t\t\t\t\t\t\t\t\t\t<\/div>\n\t\t\t\t<\/div>\n\t\t\t\t<\/div>\n\t\t<div class=\"elementor-element elementor-element-02e518c e-con-full e-flex e-con e-parent\" data-id=\"02e518c\" data-element_type=\"container\" data-e-type=\"container\">\n\t\t<div class=\"elementor-element elementor-element-981b0bd e-grid e-con-full e-con e-child\" data-id=\"981b0bd\" data-element_type=\"container\" data-e-type=\"container\">\n\t\t<div class=\"elementor-element elementor-element-ac79d46 e-con-full e-flex e-con e-child\" data-id=\"ac79d46\" data-element_type=\"container\" data-e-type=\"container\">\n\t\t\t\t<div class=\"elementor-element elementor-element-cd91d5f elementor-widget elementor-widget-image\" data-id=\"cd91d5f\" data-element_type=\"widget\" data-e-type=\"widget\" data-widget_type=\"image.default\">\n\t\t\t\t<div class=\"elementor-widget-container\">\n\t\t\t\t\t\t\t\t\t\t\t\t\t\t\t<img decoding=\"async\" width=\"491\" height=\"1011\" src=\"https:\/\/www.johncspirits.com\/wp-content\/uploads\/2025\/01\/Piattelli-Legacy-Transparente-Grande.png\" class=\"attachment-full size-full wp-image-1259\" alt=\"\" srcset=\"https:\/\/www.johncspirits.com\/wp-content\/uploads\/2025\/01\/Piattelli-Legacy-Transparente-Grande.png 491w, https:\/\/www.johncspirits.com\/wp-content\/uploads\/2025\/01\/Piattelli-Legacy-Transparente-Grande-146x300.png 146w, https:\/\/www.johncspirits.com\/wp-content\/uploads\/2025\/01\/Piattelli-Legacy-Transparente-Grande-6x12.png 6w\" sizes=\"(max-width: 491px) 100vw, 491px\" \/>\t\t\t\t\t\t\t\t\t\t\t\t\t\t\t<\/div>\n\t\t\t\t<\/div>\n\t\t\t\t<\/div>\n\t\t<div class=\"elementor-element elementor-element-9a8307f e-con-full e-flex e-con e-child\" data-id=\"9a8307f\" data-element_type=\"container\" data-e-type=\"container\">\n\t\t\t\t<div class=\"elementor-element elementor-element-dfb8951 elementor-widget elementor-widget-heading\" data-id=\"dfb8951\" data-element_type=\"widget\" data-e-type=\"widget\" data-widget_type=\"heading.default\">\n\t\t\t\t<div class=\"elementor-widget-container\">\n\t\t\t\t\t<h2 class=\"elementor-heading-title elementor-size-default\">John C<\/h2>\t\t\t\t<\/div>\n\t\t\t\t<\/div>\n\t\t\t\t<div class=\"elementor-element elementor-element-c651cf6 elementor-widget elementor-widget-heading\" data-id=\"c651cf6\" data-element_type=\"widget\" data-e-type=\"widget\" data-widget_type=\"heading.default\">\n\t\t\t\t<div class=\"elementor-widget-container\">\n\t\t\t\t\t<h2 class=\"elementor-heading-title elementor-size-default\">legacy<\/h2>\t\t\t\t<\/div>\n\t\t\t\t<\/div>\n\t\t\t\t<div class=\"elementor-element elementor-element-856c01a elementor-widget-divider--view-line elementor-widget elementor-widget-divider\" data-id=\"856c01a\" data-element_type=\"widget\" data-e-type=\"widget\" data-widget_type=\"divider.default\">\n\t\t\t\t<div class=\"elementor-widget-container\">\n\t\t\t\t\t\t\t<div class=\"elementor-divider\">\n\t\t\t<span class=\"elementor-divider-separator\">\n\t\t\t\t\t\t<\/span>\n\t\t<\/div>\n\t\t\t\t\t\t<\/div>\n\t\t\t\t<\/div>\n\t\t\t\t<div class=\"elementor-element elementor-element-2ea78a4 elementor-widget__width-initial elementor-widget elementor-widget-text-editor\" data-id=\"2ea78a4\" data-element_type=\"widget\" data-e-type=\"widget\" data-widget_type=\"text-editor.default\">\n\t\t\t\t<div class=\"elementor-widget-container\">\n\t\t\t\t\t\t\t\t\t<p class=\"p1\">Gin Legacy stands out for its traditional, deep profile, with dominant notes of juniper, nutmeg, coriander, and cinnamon. This handcrafted gin is carefully infused with juniper berries (Juniperus communis) and a selection of botanicals like lemon and orange peel, angelica root, licorice, cardamom, cinnamon, and nutmeg, achieving the perfect balance between classic and vibrant flavors.<\/p><p class=\"translation-block\"><strong>Recommended Cocktails:<\/strong><br>\u00b7 Gin Tonic<br>\u00b7 Gin Mule<br>\u00b7 Negroni<\/p>\t\t\t\t\t\t\t\t<\/div>\n\t\t\t\t<\/div>\n\t\t\t\t<div class=\"elementor-element elementor-element-9f631e6 elementor-widget elementor-widget-spacer\" data-id=\"9f631e6\" data-element_type=\"widget\" data-e-type=\"widget\" data-widget_type=\"spacer.default\">\n\t\t\t\t<div class=\"elementor-widget-container\">\n\t\t\t\t\t\t\t<div class=\"elementor-spacer\">\n\t\t\t<div class=\"elementor-spacer-inner\"><\/div>\n\t\t<\/div>\n\t\t\t\t\t\t<\/div>\n\t\t\t\t<\/div>\n\t\t\t\t<div class=\"elementor-element elementor-element-08f4737 elementor-widget elementor-widget-image\" data-id=\"08f4737\" data-element_type=\"widget\" data-e-type=\"widget\" data-widget_type=\"image.default\">\n\t\t\t\t<div class=\"elementor-widget-container\">\n\t\t\t\t\t\t\t\t\t\t\t\t\t\t\t<img loading=\"lazy\" decoding=\"async\" width=\"776\" height=\"160\" src=\"https:\/\/www.johncspirits.com\/wp-content\/uploads\/2024\/11\/ingles.png\" class=\"attachment-full size-full wp-image-960\" alt=\"\" srcset=\"https:\/\/www.johncspirits.com\/wp-content\/uploads\/2024\/11\/ingles.png 776w, https:\/\/www.johncspirits.com\/wp-content\/uploads\/2024\/11\/ingles-300x61.png 300w, https:\/\/www.johncspirits.com\/wp-content\/uploads\/2024\/11\/ingles-768x155.png 768w, https:\/\/www.johncspirits.com\/wp-content\/uploads\/2024\/11\/ingles-18x4.png 18w\" sizes=\"(max-width: 776px) 100vw, 776px\" \/>\t\t\t\t\t\t\t\t\t\t\t\t\t\t\t<\/div>\n\t\t\t\t<\/div>\n\t\t\t\t<div class=\"elementor-element elementor-element-6228e3e elementor-widget elementor-widget-spacer\" data-id=\"6228e3e\" data-element_type=\"widget\" data-e-type=\"widget\" data-widget_type=\"spacer.default\">\n\t\t\t\t<div class=\"elementor-widget-container\">\n\t\t\t\t\t\t\t<div class=\"elementor-spacer\">\n\t\t\t<div class=\"elementor-spacer-inner\"><\/div>\n\t\t<\/div>\n\t\t\t\t\t\t<\/div>\n\t\t\t\t<\/div>\n\t\t\t\t<div class=\"elementor-element elementor-element-0d2cf8c elementor-align-center elementor-hidden-desktop elementor-hidden-tablet elementor-hidden-mobile elementor-widget elementor-widget-button\" data-id=\"0d2cf8c\" data-element_type=\"widget\" data-e-type=\"widget\" data-widget_type=\"button.default\">\n\t\t\t\t<div class=\"elementor-widget-container\">\n\t\t\t\t\t\t\t\t\t<div class=\"elementor-button-wrapper\">\n\t\t\t\t\t<a class=\"elementor-button elementor-button-link elementor-size-sm\" href=\"#\">\n\t\t\t\t\t\t<span class=\"elementor-button-content-wrapper\">\n\t\t\t\t\t\t\t\t\t<span class=\"elementor-button-text\">buy<\/span>\n\t\t\t\t\t<\/span>\n\t\t\t\t\t<\/a>\n\t\t\t\t<\/div>\n\t\t\t\t\t\t\t\t<\/div>\n\t\t\t\t<\/div>\n\t\t\t\t<\/div>\n\t\t\t\t<\/div>\n\t\t\t\t<\/div>\n\t\t<div class=\"elementor-element elementor-element-2021305 e-con-full e-flex e-con e-parent\" data-id=\"2021305\" data-element_type=\"container\" data-e-type=\"container\">\n\t\t<div class=\"elementor-element elementor-element-2c7f47e e-flex e-con-boxed e-con e-child\" data-id=\"2c7f47e\" data-element_type=\"container\" data-e-type=\"container\">\n\t\t\t\t\t<div class=\"e-con-inner\">\n\t\t\t\t<div class=\"elementor-element elementor-element-670bcfe elementor-widget elementor-widget-heading\" data-id=\"670bcfe\" data-element_type=\"widget\" data-e-type=\"widget\" data-widget_type=\"heading.default\">\n\t\t\t\t<div class=\"elementor-widget-container\">\n\t\t\t\t\t<h2 class=\"elementor-heading-title elementor-size-default\">Inspired by nature,<\/h2>\t\t\t\t<\/div>\n\t\t\t\t<\/div>\n\t\t\t\t<div class=\"elementor-element elementor-element-86d3979 elementor-widget elementor-widget-heading\" data-id=\"86d3979\" data-element_type=\"widget\" data-e-type=\"widget\" data-widget_type=\"heading.default\">\n\t\t\t\t<div class=\"elementor-widget-container\">\n\t\t\t\t\t<h2 class=\"elementor-heading-title elementor-size-default\">crafted with artistry<\/h2>\t\t\t\t<\/div>\n\t\t\t\t<\/div>\n\t\t\t\t\t<\/div>\n\t\t\t\t<\/div>\n\t\t\t\t<\/div>\n\t\t<div class=\"elementor-element elementor-element-ee83067 e-flex e-con-boxed e-con e-parent\" data-id=\"ee83067\" data-element_type=\"container\" data-e-type=\"container\">\n\t\t\t\t\t<div class=\"e-con-inner\">\n\t\t\t\t<div class=\"elementor-element elementor-element-ad5d282 elementor-widget elementor-widget-heading\" data-id=\"ad5d282\" data-element_type=\"widget\" data-e-type=\"widget\" data-widget_type=\"heading.default\">\n\t\t\t\t<div class=\"elementor-widget-container\">\n\t\t\t\t\t<h2 class=\"elementor-heading-title elementor-size-default\">our spirits<\/h2>\t\t\t\t<\/div>\n\t\t\t\t<\/div>\n\t\t<div class=\"elementor-element elementor-element-b90685f e-grid e-con-full e-con e-child\" data-id=\"b90685f\" data-element_type=\"container\" data-e-type=\"container\">\n\t\t<div class=\"elementor-element elementor-element-8416c72 e-con-full e-flex e-con e-child\" data-id=\"8416c72\" data-element_type=\"container\" data-e-type=\"container\">\n\t\t\t\t<div class=\"elementor-element elementor-element-bfd9310 elementor-widget elementor-widget-image\" data-id=\"bfd9310\" data-element_type=\"widget\" data-e-type=\"widget\" data-widget_type=\"image.default\">\n\t\t\t\t<div class=\"elementor-widget-container\">\n\t\t\t\t\t\t\t\t\t\t\t\t\t\t\t\t<a href=\"https:\/\/www.johncspirits.com\/en\/patagonian-gin\/\">\n\t\t\t\t\t\t\t<img loading=\"lazy\" decoding=\"async\" width=\"303\" height=\"606\" src=\"https:\/\/www.johncspirits.com\/wp-content\/uploads\/2025\/01\/Piattelli-Patagonia-Transparente-Grande_con-circulo.png\" class=\"attachment-full size-full wp-image-1254\" alt=\"\" srcset=\"https:\/\/www.johncspirits.com\/wp-content\/uploads\/2025\/01\/Piattelli-Patagonia-Transparente-Grande_con-circulo.png 303w, https:\/\/www.johncspirits.com\/wp-content\/uploads\/2025\/01\/Piattelli-Patagonia-Transparente-Grande_con-circulo-150x300.png 150w, https:\/\/www.johncspirits.com\/wp-content\/uploads\/2025\/01\/Piattelli-Patagonia-Transparente-Grande_con-circulo-6x12.png 6w\" sizes=\"(max-width: 303px) 100vw, 303px\" \/>\t\t\t\t\t\t\t\t<\/a>\n\t\t\t\t\t\t\t\t\t\t\t\t\t\t\t<\/div>\n\t\t\t\t<\/div>\n\t\t\t\t<div class=\"elementor-element elementor-element-bd1bbb0 elementor-widget elementor-widget-heading\" data-id=\"bd1bbb0\" data-element_type=\"widget\" data-e-type=\"widget\" data-widget_type=\"heading.default\">\n\t\t\t\t<div class=\"elementor-widget-container\">\n\t\t\t\t\t<h2 class=\"elementor-heading-title elementor-size-default\">gin<\/h2>\t\t\t\t<\/div>\n\t\t\t\t<\/div>\n\t\t\t\t<div class=\"elementor-element elementor-element-1aba903 elementor-widget elementor-widget-heading\" data-id=\"1aba903\" data-element_type=\"widget\" data-e-type=\"widget\" data-widget_type=\"heading.default\">\n\t\t\t\t<div class=\"elementor-widget-container\">\n\t\t\t\t\t<h2 class=\"elementor-heading-title elementor-size-default\">Patagonian<\/h2>\t\t\t\t<\/div>\n\t\t\t\t<\/div>\n\t\t\t\t<div class=\"elementor-element elementor-element-73769ba elementor-widget elementor-widget-spacer\" data-id=\"73769ba\" data-element_type=\"widget\" data-e-type=\"widget\" data-widget_type=\"spacer.default\">\n\t\t\t\t<div class=\"elementor-widget-container\">\n\t\t\t\t\t\t\t<div class=\"elementor-spacer\">\n\t\t\t<div class=\"elementor-spacer-inner\"><\/div>\n\t\t<\/div>\n\t\t\t\t\t\t<\/div>\n\t\t\t\t<\/div>\n\t\t\t\t<div class=\"elementor-element elementor-element-0b328cc elementor-align-center elementor-widget elementor-widget-button\" data-id=\"0b328cc\" data-element_type=\"widget\" data-e-type=\"widget\" data-widget_type=\"button.default\">\n\t\t\t\t<div class=\"elementor-widget-container\">\n\t\t\t\t\t\t\t\t\t<div class=\"elementor-button-wrapper\">\n\t\t\t\t\t<a class=\"elementor-button elementor-button-link elementor-size-sm\" href=\"https:\/\/www.johncspirits.com\/en\/patagonian-gin\/\">\n\t\t\t\t\t\t<span class=\"elementor-button-content-wrapper\">\n\t\t\t\t\t\t\t\t\t<span class=\"elementor-button-text\">more info<\/span>\n\t\t\t\t\t<\/span>\n\t\t\t\t\t<\/a>\n\t\t\t\t<\/div>\n\t\t\t\t\t\t\t\t<\/div>\n\t\t\t\t<\/div>\n\t\t\t\t<\/div>\n\t\t<div class=\"elementor-element elementor-element-f168391 e-con-full e-flex e-con e-child\" data-id=\"f168391\" data-element_type=\"container\" data-e-type=\"container\">\n\t\t\t\t<div class=\"elementor-element elementor-element-270e9fb elementor-widget elementor-widget-image\" data-id=\"270e9fb\" data-element_type=\"widget\" data-e-type=\"widget\" data-widget_type=\"image.default\">\n\t\t\t\t<div class=\"elementor-widget-container\">\n\t\t\t\t\t\t\t\t\t\t\t\t\t\t\t\t<a href=\"https:\/\/www.johncspirits.com\/en\/legacy-gin\/\">\n\t\t\t\t\t\t\t<img loading=\"lazy\" decoding=\"async\" width=\"303\" height=\"606\" src=\"https:\/\/www.johncspirits.com\/wp-content\/uploads\/2025\/01\/Piattelli-Legacy-Transparente-Con_Circulo-1.png\" class=\"attachment-full size-full wp-image-1255\" alt=\"\" srcset=\"https:\/\/www.johncspirits.com\/wp-content\/uploads\/2025\/01\/Piattelli-Legacy-Transparente-Con_Circulo-1.png 303w, https:\/\/www.johncspirits.com\/wp-content\/uploads\/2025\/01\/Piattelli-Legacy-Transparente-Con_Circulo-1-150x300.png 150w, https:\/\/www.johncspirits.com\/wp-content\/uploads\/2025\/01\/Piattelli-Legacy-Transparente-Con_Circulo-1-6x12.png 6w\" sizes=\"(max-width: 303px) 100vw, 303px\" \/>\t\t\t\t\t\t\t\t<\/a>\n\t\t\t\t\t\t\t\t\t\t\t\t\t\t\t<\/div>\n\t\t\t\t<\/div>\n\t\t\t\t<div class=\"elementor-element elementor-element-3f2a3fd elementor-widget elementor-widget-heading\" data-id=\"3f2a3fd\" data-element_type=\"widget\" data-e-type=\"widget\" data-widget_type=\"heading.default\">\n\t\t\t\t<div class=\"elementor-widget-container\">\n\t\t\t\t\t<h2 class=\"elementor-heading-title elementor-size-default\">gin<\/h2>\t\t\t\t<\/div>\n\t\t\t\t<\/div>\n\t\t\t\t<div class=\"elementor-element elementor-element-f41bd3d elementor-widget elementor-widget-heading\" data-id=\"f41bd3d\" data-element_type=\"widget\" data-e-type=\"widget\" data-widget_type=\"heading.default\">\n\t\t\t\t<div class=\"elementor-widget-container\">\n\t\t\t\t\t<h2 class=\"elementor-heading-title elementor-size-default\">Legacy<\/h2>\t\t\t\t<\/div>\n\t\t\t\t<\/div>\n\t\t\t\t<div class=\"elementor-element elementor-element-330c55f elementor-widget elementor-widget-spacer\" data-id=\"330c55f\" data-element_type=\"widget\" data-e-type=\"widget\" data-widget_type=\"spacer.default\">\n\t\t\t\t<div class=\"elementor-widget-container\">\n\t\t\t\t\t\t\t<div class=\"elementor-spacer\">\n\t\t\t<div class=\"elementor-spacer-inner\"><\/div>\n\t\t<\/div>\n\t\t\t\t\t\t<\/div>\n\t\t\t\t<\/div>\n\t\t\t\t<div class=\"elementor-element elementor-element-505c672 elementor-align-center elementor-widget elementor-widget-button\" data-id=\"505c672\" data-element_type=\"widget\" data-e-type=\"widget\" data-widget_type=\"button.default\">\n\t\t\t\t<div class=\"elementor-widget-container\">\n\t\t\t\t\t\t\t\t\t<div class=\"elementor-button-wrapper\">\n\t\t\t\t\t<a class=\"elementor-button elementor-button-link elementor-size-sm\" href=\"https:\/\/www.johncspirits.com\/en\/legacy-gin\/\">\n\t\t\t\t\t\t<span class=\"elementor-button-content-wrapper\">\n\t\t\t\t\t\t\t\t\t<span class=\"elementor-button-text\">more info<\/span>\n\t\t\t\t\t<\/span>\n\t\t\t\t\t<\/a>\n\t\t\t\t<\/div>\n\t\t\t\t\t\t\t\t<\/div>\n\t\t\t\t<\/div>\n\t\t\t\t<\/div>\n\t\t\t\t<\/div>\n\t\t\t\t\t<\/div>\n\t\t\t\t<\/div>\n\t\t<div class=\"elementor-element elementor-element-f8e1207 e-con-full e-flex e-con e-parent\" data-id=\"f8e1207\" data-element_type=\"container\" data-e-type=\"container\">\n\t\t\t\t<div class=\"elementor-element elementor-element-3152b4b elementor-widget-mobile__width-inherit elementor-widget elementor-widget-heading\" data-id=\"3152b4b\" data-element_type=\"widget\" data-e-type=\"widget\" data-widget_type=\"heading.default\">\n\t\t\t\t<div class=\"elementor-widget-container\">\n\t\t\t\t\t<h2 class=\"elementor-heading-title elementor-size-default\">John C, <br class=\"br\">\nyour style:<\/h2>\t\t\t\t<\/div>\n\t\t\t\t<\/div>\n\t\t\t\t<div class=\"elementor-element elementor-element-9330e4b elementor-widget elementor-widget-heading\" data-id=\"9330e4b\" data-element_type=\"widget\" data-e-type=\"widget\" data-widget_type=\"heading.default\">\n\t\t\t\t<div class=\"elementor-widget-container\">\n\t\t\t\t\t<h2 class=\"elementor-heading-title elementor-size-default\">Learn how to mix it.<\/h2>\t\t\t\t<\/div>\n\t\t\t\t<\/div>\n\t\t\t\t<div class=\"elementor-element elementor-element-f103e4a elementor-widget elementor-widget-spacer\" data-id=\"f103e4a\" data-element_type=\"widget\" data-e-type=\"widget\" data-widget_type=\"spacer.default\">\n\t\t\t\t<div class=\"elementor-widget-container\">\n\t\t\t\t\t\t\t<div class=\"elementor-spacer\">\n\t\t\t<div class=\"elementor-spacer-inner\"><\/div>\n\t\t<\/div>\n\t\t\t\t\t\t<\/div>\n\t\t\t\t<\/div>\n\t\t\t\t<div class=\"elementor-element elementor-element-fbf5713 elementor-align-center elementor-widget elementor-widget-button\" data-id=\"fbf5713\" data-element_type=\"widget\" data-e-type=\"widget\" data-widget_type=\"button.default\">\n\t\t\t\t<div class=\"elementor-widget-container\">\n\t\t\t\t\t\t\t\t\t<div class=\"elementor-button-wrapper\">\n\t\t\t\t\t<a class=\"elementor-button elementor-button-link elementor-size-sm\" href=\"https:\/\/www.johncspirits.com\/en\/drinks\/\">\n\t\t\t\t\t\t<span class=\"elementor-button-content-wrapper\">\n\t\t\t\t\t\t\t\t\t<span class=\"elementor-button-text\">recipes<\/span>\n\t\t\t\t\t<\/span>\n\t\t\t\t\t<\/a>\n\t\t\t\t<\/div>\n\t\t\t\t\t\t\t\t<\/div>\n\t\t\t\t<\/div>\n\t\t\t\t<\/div>\n\t\t\t\t<\/div>","protected":false},"excerpt":{"rendered":"<p>John C legacy Gin Legacy destaca por su perfil tradicional y profundo, con notas predominantes de enebro, nuez moscada, coriandro y canela. Este gin artesanal se infusiona cuidadosamente con bayas de enebro (Juniperus communis) y una selecci\u00f3n de bot\u00e1nicos como c\u00e1scaras de lim\u00f3n y naranja, ra\u00edz de ang\u00e9lica, regaliz, cardamomo, canela y nuez moscada, logrando [&hellip;]<\/p>","protected":false},"author":1,"featured_media":0,"parent":0,"menu_order":0,"comment_status":"closed","ping_status":"closed","template":"","meta":{"site-sidebar-layout":"no-sidebar","site-content-layout":"","ast-site-content-layout":"full-width-container","site-content-style":"default","site-sidebar-style":"default","ast-global-header-display":"","ast-banner-title-visibility":"","ast-main-header-display":"","ast-hfb-above-header-display":"","ast-hfb-below-header-display":"","ast-hfb-mobile-header-display":"","site-post-title":"disabled","ast-breadcrumbs-content":"","ast-featured-img":"disabled","footer-sml-layout":"","ast-disable-related-posts":"","theme-transparent-header-meta":"enabled","adv-header-id-meta":"","stick-header-meta":"","header-above-stick-meta":"","header-main-stick-meta":"","header-below-stick-meta":"","astra-migrate-meta-layouts":"default","ast-page-background-enabled":"default","ast-page-background-meta":{"desktop":{"background-color":"var(--ast-global-color-4)","background-image":"","background-repeat":"repeat","background-position":"center center","background-size":"auto","background-attachment":"scroll","background-type":"","background-media":"","overlay-type":"","overlay-color":"","overlay-opacity":"","overlay-gradient":""},"tablet":{"background-color":"","background-image":"","background-repeat":"repeat","background-position":"center center","background-size":"auto","background-attachment":"scroll","background-type":"","background-media":"","overlay-type":"","overlay-color":"","overlay-opacity":"","overlay-gradient":""},"mobile":{"background-color":"","background-image":"","background-repeat":"repeat","background-position":"center center","background-size":"auto","background-attachment":"scroll","background-type":"","background-media":"","overlay-type":"","overlay-color":"","overlay-opacity":"","overlay-gradient":""}},"ast-content-background-meta":{"desktop":{"background-color":"var(--ast-global-color-5)","background-image":"","background-repeat":"repeat","background-position":"center center","background-size":"auto","background-attachment":"scroll","background-type":"","background-media":"","overlay-type":"","overlay-color":"","overlay-opacity":"","overlay-gradient":""},"tablet":{"background-color":"var(--ast-global-color-5)","background-image":"","background-repeat":"repeat","background-position":"center center","background-size":"auto","background-attachment":"scroll","background-type":"","background-media":"","overlay-type":"","overlay-color":"","overlay-opacity":"","overlay-gradient":""},"mobile":{"background-color":"var(--ast-global-color-5)","background-image":"","background-repeat":"repeat","background-position":"center center","background-size":"auto","background-attachment":"scroll","background-type":"","background-media":"","overlay-type":"","overlay-color":"","overlay-opacity":"","overlay-gradient":""}},"footnotes":""},"class_list":["post-829","page","type-page","status-publish","hentry"],"_links":{"self":[{"href":"https:\/\/www.johncspirits.com\/en\/wp-json\/wp\/v2\/pages\/829","targetHints":{"allow":["GET"]}}],"collection":[{"href":"https:\/\/www.johncspirits.com\/en\/wp-json\/wp\/v2\/pages"}],"about":[{"href":"https:\/\/www.johncspirits.com\/en\/wp-json\/wp\/v2\/types\/page"}],"author":[{"embeddable":true,"href":"https:\/\/www.johncspirits.com\/en\/wp-json\/wp\/v2\/users\/1"}],"replies":[{"embeddable":true,"href":"https:\/\/www.johncspirits.com\/en\/wp-json\/wp\/v2\/comments?post=829"}],"version-history":[{"count":3,"href":"https:\/\/www.johncspirits.com\/en\/wp-json\/wp\/v2\/pages\/829\/revisions"}],"predecessor-version":[{"id":1501,"href":"https:\/\/www.johncspirits.com\/en\/wp-json\/wp\/v2\/pages\/829\/revisions\/1501"}],"wp:attachment":[{"href":"https:\/\/www.johncspirits.com\/en\/wp-json\/wp\/v2\/media?parent=829"}],"curies":[{"name":"wp","href":"https:\/\/api.w.org\/{rel}","templated":true}]}}